{"id":20,"date":"2023-05-07T16:59:46","date_gmt":"2023-05-07T14:59:46","guid":{"rendered":"http:\/\/pjomed_v2.jessie.confnet.pl\/?page_id=20"},"modified":"2025-05-20T08:28:23","modified_gmt":"2025-05-20T06:28:23","slug":"login","status":"publish","type":"page","link":"https:\/\/pjomed.confnet.pl\/pl\/login\/","title":{"rendered":"Logowanie"},"content":{"rendered":"\n<div class=\"wp-block-group alignwide is-style-default remove-paragraph has-background\" style=\"background-color:#ffd600;padding-top:var(--wp--preset--spacing--20);padding-right:0;padding-bottom:var(--wp--preset--spacing--20);padding-left:0\"><div class=\"wp-block-group__inner-container is-layout-constrained wp-container-core-group-is-layout-c2a26cda wp-block-group-is-layout-constrained\">\n<figure class=\"wp-block-image size-medium is-resized is-style-default header-left-img\"><img loading=\"lazy\" decoding=\"async\" width=\"300\" height=\"55\" src=\"https:\/\/pjomed.rtolife.com\/wp-content\/uploads\/2024\/05\/logo_KCORwOZ_przezroczyste-300x55.png\" alt=\"\" class=\"wp-image-512\" style=\"width:277px;height:auto\" srcset=\"https:\/\/pjomed.confnet.pl\/wp-content\/uploads\/2024\/05\/logo_KCORwOZ_przezroczyste-300x55.png 300w, https:\/\/pjomed.confnet.pl\/wp-content\/uploads\/2024\/05\/logo_KCORwOZ_przezroczyste-1024x187.png 1024w, https:\/\/pjomed.confnet.pl\/wp-content\/uploads\/2024\/05\/logo_KCORwOZ_przezroczyste-768x141.png 768w, https:\/\/pjomed.confnet.pl\/wp-content\/uploads\/2024\/05\/logo_KCORwOZ_przezroczyste-1536x281.png 1536w, https:\/\/pjomed.confnet.pl\/wp-content\/uploads\/2024\/05\/logo_KCORwOZ_przezroczyste-18x3.png 18w, https:\/\/pjomed.confnet.pl\/wp-content\/uploads\/2024\/05\/logo_KCORwOZ_przezroczyste-1568x287.png 1568w, https:\/\/pjomed.confnet.pl\/wp-content\/uploads\/2024\/05\/logo_KCORwOZ_przezroczyste.png 1819w\" sizes=\"auto, (max-width: 300px) 100vw, 300px\" \/><\/figure>\n<\/div><\/div>\n\n\n<div class=\"wp-block-image is-style-default\">\n<figure class=\"aligncenter size-full is-resized\"><img loading=\"lazy\" decoding=\"async\" width=\"378\" height=\"291\" src=\"https:\/\/pjomed.rtolife.com\/wp-content\/uploads\/2025\/05\/logo_pjomed_2025_z_bialym_okregiem.png\" alt=\"\" class=\"wp-image-794\" style=\"width:226px\" srcset=\"https:\/\/pjomed.confnet.pl\/wp-content\/uploads\/2025\/05\/logo_pjomed_2025_z_bialym_okregiem.png 378w, https:\/\/pjomed.confnet.pl\/wp-content\/uploads\/2025\/05\/logo_pjomed_2025_z_bialym_okregiem-300x231.png 300w, https:\/\/pjomed.confnet.pl\/wp-content\/uploads\/2025\/05\/logo_pjomed_2025_z_bialym_okregiem-16x12.png 16w\" sizes=\"auto, (max-width: 378px) 100vw, 378px\" \/><\/figure><\/div>\n\n\n<h2 class=\"wp-block-heading alignwide has-text-align-center has-black-color has-text-color\" style=\"font-size:25px;font-style:normal;font-weight:600\"><strong>XVI Og\u00f3lnopolska Konferencja \u201ePromieniowanie Jonizuj\u0105ce w Medycynie\u201d PJOMED 2025, 9-10 czerwca<\/strong><\/h2>\n\n\n\n<h2 class=\"wp-block-heading alignwide has-text-align-center materialy has-black-color has-text-color has-small-font-size\" style=\"font-style:normal;font-weight:600\"><strong><em>Materia\u0142y zamieszczone na platformie s\u0105 chronione przepisami prawa autorskiego i mog\u0105 by\u0107 wykorzystywane wy\u0142\u0105cznie do w\u0142asnego u\u017cytku osobistego bez prawa ich rozpowszechniania w jakikolwiek spos\u00f3b.<\/em><\/strong><\/h2>\n\n\n\n<div class=\"wp-block-group block-border-yellow pjomed-login is-style-twentytwentyone-border has-background has-small-font-size\" style=\"background-color:#fade0a52;padding-top:0px;padding-right:0px;padding-bottom:0px;padding-left:0px\"><div class=\"wp-block-group__inner-container is-layout-constrained wp-container-core-group-is-layout-f64f944e wp-block-group-is-layout-constrained\">\n<p class=\"has-background\" style=\"background-color:#f9dd0a\"><strong>Logowanie za pomoc\u0105 tego samego has\u0142a (tokenu) zawartego w wiadomo\u015bci e-mail \u201ePotwierdzenie p\u0142atno\u015bci\u201d<\/strong><\/p>\n\n\n\n<div class=\"wp-block-group\" style=\"padding-right:var(--wp--preset--spacing--60);padding-left:var(--wp--preset--spacing--60)\"><div class=\"wp-block-group__inner-container is-layout-constrained wp-container-core-group-is-layout-81e88365 wp-block-group-is-layout-constrained\">\n<div class=\"wpum-template wpum-form wpum-login-form\">\n\n\t\n\t<form action=\"\/pl\/wp-json\/wp\/v2\/pages\/20\" method=\"post\" id=\"wpum-submit-login-form\" enctype=\"multipart\/form-data\">\n\n\t\t\t\t\t<fieldset class=\"fieldset-username\">\n\n\t\t\t\t\n\t\t\t\t\t<label for=\"username\">\n\t\t\t\t\t\tNazwa u\u017cytkownika lub adres e-mail\t\t\t\t\t\t\t\t\t\t\t\t\t<span class=\"wpum-required\">*<\/span>\n\t\t\t\t\t\t\t\t\t\t\t<\/label>\n\t\t\t\t\t<div class=\"field required-field\">\n\t\t\t\t\t\t\n<input\n\ttype=\"text\"\n\tclass=\"input-text\"\n\tname=\"username\"\n\t\tid=\"username\"\n\tplaceholder=\"\"\n\tvalue=\"\"\n\tmaxlength=\"\"\n\trequired\t\t\/>\n\t\t\t\t\t<\/div>\n\n\t\t\t\t\n\t\t\t<\/fieldset>\n\t\t\t\t\t<fieldset class=\"fieldset-password\">\n\n\t\t\t\t\n\t\t\t\t\t<label for=\"password\">\n\t\t\t\t\t\tPassword\t\t\t\t\t\t\t\t\t\t\t\t\t<span class=\"wpum-required\">*<\/span>\n\t\t\t\t\t\t\t\t\t\t\t<\/label>\n\t\t\t\t\t<div class=\"field required-field\">\n\t\t\t\t\t\t\n<input type=\"password\" class=\"input-text\"\n name=\"password\" id=\"password\" placeholder=\"\" value=\"\" maxlength=\"\"\n\t\t\t\t  required\t \/>\n\t\t\t\t\t<\/div>\n\n\t\t\t\t\n\t\t\t<\/fieldset>\n\t\t\t\t\t<fieldset class=\"fieldset-remember\">\n\n\t\t\t\t\n\t\t\t\t\t<label for=\"remember\">\n\t\t\t\t\t\t<span class=\"field \">\n\t\t\t\t\t\t\t\n<input type=\"checkbox\" class=\"input-checkbox\" name=\"remember\" id=\"remember\"  value=\"1\"\n\t\t\t\t\t\t\t\t\t\t\t\t\t\t\t    \/>\n\t\t\t\t\t\t<\/span>\n\t\t\t\t\t\tRemember me\t\t\t\t\t\t\t\t\t\t\t<\/label>\n\n\t\t\t\t\n\t\t\t<\/fieldset>\n\t\t\n\t\t<input type=\"hidden\" name=\"wpum_form\" value=\"login\" \/>\n\t\t<input type=\"hidden\" name=\"step\" value=\"0\" \/>\n\t\t<input type=\"hidden\" name=\"submit_referrer\" value=\"\" \/>\n\n\t\t\n\t\t<input type=\"submit\" name=\"submit_login\" class=\"button\" value=\"Login\" \/>\n\n\t<\/form>\n\n\t\n<\/div>\n\n<ul class=\"wpum-action-links\">\n\t\t\t<\/ul>\n<\/div><\/div>\n\n\n\n<p><\/p>\n<\/div><\/div>\n\n\n\n<hr class=\"wp-block-separator alignwide has-alpha-channel-opacity is-style-wide is-style-twentytwentyone-separator-thick\"\/>\n\n\n\n<figure class=\"wp-block-image alignwide size-full\"><img loading=\"lazy\" decoding=\"async\" width=\"3200\" height=\"1393\" src=\"https:\/\/pjomed.rtolife.com\/wp-content\/uploads\/2025\/05\/patronaty_3200pikseli.png\" alt=\"\" class=\"wp-image-799\" srcset=\"https:\/\/pjomed.confnet.pl\/wp-content\/uploads\/2025\/05\/patronaty_3200pikseli.png 3200w, https:\/\/pjomed.confnet.pl\/wp-content\/uploads\/2025\/05\/patronaty_3200pikseli-300x131.png 300w, https:\/\/pjomed.confnet.pl\/wp-content\/uploads\/2025\/05\/patronaty_3200pikseli-1024x446.png 1024w, https:\/\/pjomed.confnet.pl\/wp-content\/uploads\/2025\/05\/patronaty_3200pikseli-768x334.png 768w, https:\/\/pjomed.confnet.pl\/wp-content\/uploads\/2025\/05\/patronaty_3200pikseli-1536x669.png 1536w, https:\/\/pjomed.confnet.pl\/wp-content\/uploads\/2025\/05\/patronaty_3200pikseli-2048x892.png 2048w, https:\/\/pjomed.confnet.pl\/wp-content\/uploads\/2025\/05\/patronaty_3200pikseli-18x8.png 18w, https:\/\/pjomed.confnet.pl\/wp-content\/uploads\/2025\/05\/patronaty_3200pikseli-1568x683.png 1568w\" sizes=\"auto, (max-width: 3200px) 100vw, 3200px\" \/><\/figure>\n","protected":false},"excerpt":{"rendered":"<p>XVI Og\u00f3lnopolska Konferencja \u201ePromieniowanie Jonizuj\u0105ce w Medycynie\u201d PJOMED 2025, 9-10 czerwca Materia\u0142y zamieszczone na platformie s\u0105 chronione przepisami prawa autorskiego i mog\u0105 by\u0107 wykorzystywane wy\u0142\u0105cznie do w\u0142asnego u\u017cytku osobistego bez prawa ich rozpowszechniania w jakikolwiek spos\u00f3b. Logowanie za pomoc\u0105 tego samego has\u0142a (tokenu) zawartego w wiadomo\u015bci e-mail \u201ePotwierdzenie p\u0142atno\u015bci\u201d<\/p>\n","protected":false},"author":1,"featured_media":0,"parent":0,"menu_order":0,"comment_status":"closed","ping_status":"closed","template":"","meta":{"footnotes":""},"class_list":["post-20","page","type-page","status-publish","hentry","entry"],"_links":{"self":[{"href":"https:\/\/pjomed.confnet.pl\/pl\/wp-json\/wp\/v2\/pages\/20","targetHints":{"allow":["GET"]}}],"collection":[{"href":"https:\/\/pjomed.confnet.pl\/pl\/wp-json\/wp\/v2\/pages"}],"about":[{"href":"https:\/\/pjomed.confnet.pl\/pl\/wp-json\/wp\/v2\/types\/page"}],"author":[{"embeddable":true,"href":"https:\/\/pjomed.confnet.pl\/pl\/wp-json\/wp\/v2\/users\/1"}],"replies":[{"embeddable":true,"href":"https:\/\/pjomed.confnet.pl\/pl\/wp-json\/wp\/v2\/comments?post=20"}],"version-history":[{"count":71,"href":"https:\/\/pjomed.confnet.pl\/pl\/wp-json\/wp\/v2\/pages\/20\/revisions"}],"predecessor-version":[{"id":800,"href":"https:\/\/pjomed.confnet.pl\/pl\/wp-json\/wp\/v2\/pages\/20\/revisions\/800"}],"wp:attachment":[{"href":"https:\/\/pjomed.confnet.pl\/pl\/wp-json\/wp\/v2\/media?parent=20"}],"curies":[{"name":"wp","href":"https:\/\/api.w.org\/{rel}","templated":true}]}}